{"id":8810,"date":"2023-10-17T05:43:47","date_gmt":"2023-10-17T12:43:47","guid":{"rendered":"https:\/\/sevenrentacar.com\/lokacije\/"},"modified":"2024-05-26T07:13:27","modified_gmt":"2024-05-26T14:13:27","slug":"lokacije","status":"publish","type":"page","link":"https:\/\/sevenrentacar.com\/bs\/lokacije\/","title":{"rendered":"Lokacije"},"content":{"rendered":"<p>[et_pb_section fb_built=&#8221;1&#8221; custom_padding_last_edited=&#8221;on|phone&#8221; admin_label=&#8221;Hero&#8221; _builder_version=&#8221;4.23.1&#8221; background_enable_color=&#8221;off&#8221; background_image=&#8221;<a href=\"https:\/\/sevenrentacar.com\/wp-content\/uploads\/2023\/11\/7-Desktop-Header.webp&#038;#8221\">https:\/\/sevenrentacar.com\/wp-content\/uploads\/2023\/11\/7-Desktop-Header.webp&#038;#8221<\/a>; module_alignment=&#8221;center&#8221; custom_margin=&#8221;0px||||false|false&#8221; custom_margin_tablet=&#8221;0px||||false|false&#8221; custom_margin_phone=&#8221;0px||||false|false&#8221; custom_margin_last_edited=&#8221;on|phone&#8221; custom_padding=&#8221;0px|0px|0px|0px|false|false&#8221; custom_padding_tablet=&#8221;0px|0px|30px|0px|false|false&#8221; custom_padding_phone=&#8221;0px|0px|30px|0px|false|false&#8221; bottom_divider_color=&#8221;#db8900&#8221; bottom_divider_flip=&#8221;vertical&#8221; bottom_divider_height_phone=&#8221;90px&#8221; background_last_edited=&#8221;on|phone&#8221; background_image_tablet=&#8221;<a href=\"https:\/\/sevenrentacar.com\/wp-content\/uploads\/2023\/11\/7-Tablet-Header.webp&#038;#8221\">https:\/\/sevenrentacar.com\/wp-content\/uploads\/2023\/11\/7-Tablet-Header.webp&#038;#8221<\/a>; background_image_phone=&#8221;<a href=\"https:\/\/sevenrentacar.com\/wp-content\/uploads\/2023\/11\/7-Mobile-Header-300&#215;100.webp&#038;#8221\">https:\/\/sevenrentacar.com\/wp-content\/uploads\/2023\/11\/7-Mobile-Header-300&#215;100.webp&#038;#8221<\/a>; background_enable_image_tablet=&#8221;on&#8221; background_enable_image_phone=&#8221;on&#8221; global_colors_info=&#8221;{}&#8221;][et_pb_row custom_padding_last_edited=&#8221;on|phone&#8221; _builder_version=&#8221;4.22.2&#8221; _module_preset=&#8221;default&#8221; width=&#8221;100%&#8221; module_alignment=&#8221;center&#8221; min_height=&#8221;300px&#8221; min_height_tablet=&#8221;300px&#8221; min_height_phone=&#8221;200px&#8221; min_height_last_edited=&#8221;on|phone&#8221; height=&#8221;200px&#8221; custom_margin=&#8221;|0px||0px|false|false&#8221; custom_padding=&#8221;40px|0px|0px|0px|false|false&#8221; custom_padding_tablet=&#8221;40px|30px||30px|false|true&#8221; custom_padding_phone=&#8221;40px||||false|true&#8221; global_colors_info=&#8221;{}&#8221;][et_pb_column type=&#8221;4_4&#8221; _builder_version=&#8221;4.22.2&#8221; _module_preset=&#8221;default&#8221; global_colors_info=&#8221;{}&#8221;][et_pb_text _builder_version=&#8221;4.23.1&#8221; text_font=&#8221;Oswald||||||||&#8221; header_font=&#8221;||||||||&#8221; header_font_size=&#8221;60px&#8221; header_line_height=&#8221;1.4em&#8221; header_2_font=&#8221;||||||||&#8221; text_orientation=&#8221;center&#8221; background_layout=&#8221;dark&#8221; max_width=&#8221;1134px&#8221; module_alignment=&#8221;left&#8221; custom_margin=&#8221;0px||0px||true|false&#8221; custom_padding=&#8221;5px||5px||true|false&#8221; header_font_size_tablet=&#8221;50px&#8221; header_font_size_phone=&#8221;34px&#8221; header_font_size_last_edited=&#8221;on|phone&#8221; locked=&#8221;off&#8221; global_colors_info=&#8221;{}&#8221;]<\/p>\n<h1>Na\u0161e lokacije u Sarajevu<\/h1>\n<p>[\/et_pb_text][\/et_pb_column][\/et_pb_row][\/et_pb_section][et_pb_section fb_built=&#8221;1&#8221; admin_label=&#8221;Blog&#8221; _builder_version=&#8221;4.23.1&#8221; background_color=&#8221;#f7f9fc&#8221; custom_margin=&#8221;0px|0px|0px|0px|true|true&#8221; custom_padding=&#8221;0px|0px|0px|0px|true|true&#8221; bottom_divider_style=&#8221;arrow3&#8221; bottom_divider_color=&#8221;#DB8900&#8221; bottom_divider_height=&#8221;164px&#8221; global_colors_info=&#8221;{}&#8221;][et_pb_row _builder_version=&#8221;4.23.1&#8221; _module_preset=&#8221;default&#8221; custom_padding=&#8221;15px||0px||false|false&#8221; global_colors_info=&#8221;{}&#8221;][et_pb_column type=&#8221;4_4&#8221; _builder_version=&#8221;4.23.1&#8221; _module_preset=&#8221;default&#8221; global_colors_info=&#8221;{}&#8221;][et_pb_text _builder_version=&#8221;4.23.1&#8221; _module_preset=&#8221;default&#8221; text_text_color=&#8221;#000000&#8221; text_font_size=&#8221;18px&#8221; text_line_height=&#8221;1.8em&#8221; header_text_align=&#8221;center&#8221; header_text_color=&#8221;#000000&#8221; header_2_text_align=&#8221;center&#8221; header_2_text_color=&#8221;#000000&#8221; header_2_line_height=&#8221;1.4em&#8221; header_4_text_color=&#8221;#000000&#8221; text_orientation=&#8221;center&#8221; custom_margin=&#8221;0px|0px|0px|0px|true|true&#8221; custom_padding=&#8221;10px|0px|10px|0px|true|true&#8221; global_colors_info=&#8221;{}&#8221;]<\/p>\n<h2>Seven-rent-a-car lokacije za preuzimanje i vra\u0107anje automobila<\/h2>\n<p>Seven-rent-a-car nudi nekoliko lokacija za preuzimanje i vra\u0107anje automobila \u0161irom Sarajeva. Ove lokacije su povoljno smje\u0161tene u popularnim hotelima. Odaberite va\u0161u najbli\u017eu lokaciju iz na\u0161ih opcija ispod.  <\/p>\n<p>[\/et_pb_text][\/et_pb_column][\/et_pb_row][et_pb_row _builder_version=&#8221;4.16&#8221; global_colors_info=&#8221;{}&#8221;][et_pb_column type=&#8221;4_4&#8221; _builder_version=&#8221;4.16&#8221; custom_padding=&#8221;|||&#8221; global_colors_info=&#8221;{}&#8221; custom_padding__hover=&#8221;|||&#8221;][et_pb_blog fullwidth=&#8221;off&#8221; posts_number=&#8221;6&#8221; include_categories=&#8221;1361&#8221; show_more=&#8221;on&#8221; show_author=&#8221;off&#8221; show_date=&#8221;off&#8221; show_categories=&#8221;off&#8221; show_excerpt=&#8221;off&#8221; show_excerpt_tablet=&#8221;off&#8221; show_excerpt_phone=&#8221;off&#8221; show_excerpt_last_edited=&#8221;on|phone&#8221; _builder_version=&#8221;4.24.0&#8221; _module_preset=&#8221;default&#8221; header_level=&#8221;h3&#8221; header_font=&#8221;||||||||&#8221; header_text_align=&#8221;center&#8221; header_text_color=&#8221;#062b3d&#8221; header_font_size=&#8221;18px&#8221; header_line_height=&#8221;2em&#8221; body_font=&#8221;||||||||&#8221; body_line_height=&#8221;2em&#8221; meta_font=&#8221;|600|||||||&#8221; meta_text_align=&#8221;center&#8221; meta_text_color=&#8221;#0C71C3&#8221; meta_font_size=&#8221;12px&#8221; read_more_font=&#8221;||||||||&#8221; read_more_text_color=&#8221;#0C71C3&#8221; pagination_font=&#8221;|600|||||||&#8221; pagination_text_align=&#8221;right&#8221; pagination_text_color=&#8221;#FFFFFF&#8221; pagination_font_size=&#8221;20px&#8221; pagination_font_size_tablet=&#8221;18px&#8221; pagination_font_size_phone=&#8221;14px&#8221; pagination_font_size_last_edited=&#8221;on|tablet&#8221; border_radii=&#8221;on|20px|20px|20px|20px&#8221; border_width_all=&#8221;0px&#8221; border_radii_image=&#8221;on|20px|20px|20px|20px&#8221; box_shadow_style=&#8221;preset2&#8221; box_shadow_color=&#8221;rgba(96,104,121,0.12)&#8221; global_colors_info=&#8221;{}&#8221;][\/et_pb_blog][\/et_pb_column][\/et_pb_row][\/et_pb_section][et_pb_section fb_built=&#8221;1&#8221; _builder_version=&#8221;4.23.1&#8221; _module_preset=&#8221;default&#8221; use_background_color_gradient=&#8221;on&#8221; background_color_gradient_stops=&#8221;rgba(255,255,255,0) 0%|rgba(12,113,195,0.62) 100%&#8221; background_color_gradient_overlays_image=&#8221;on&#8221; background_image=&#8221;<a href=\"https:\/\/sevenrentacar.com\/wp-content\/uploads\/2023\/10\/Seat-Leon.webp&#038;#8221\">https:\/\/sevenrentacar.com\/wp-content\/uploads\/2023\/10\/Seat-Leon.webp&#038;#8221<\/a>; locked=&#8221;off&#8221; global_colors_info=&#8221;{}&#8221;][et_pb_row _builder_version=&#8221;4.24.0&#8221; _module_preset=&#8221;default&#8221; width=&#8221;100%&#8221; module_alignment=&#8221;center&#8221; custom_margin=&#8221;0px|0px|0px|0px|true|true&#8221; custom_padding=&#8221;0px|0px|20px|0px|false|true&#8221; border_radii=&#8221;on|20px|20px|20px|20px&#8221; box_shadow_style=&#8221;preset1&#8221; box_shadow_vertical=&#8221;-20px&#8221; box_shadow_blur=&#8221;45px&#8221; box_shadow_spread=&#8221;-20px&#8221; box_shadow_color=&#8221;#808080&#8221; global_colors_info=&#8221;{}&#8221; locked=&#8221;off&#8221;][et_pb_column type=&#8221;4_4&#8221; _builder_version=&#8221;4.23.1&#8221; _module_preset=&#8221;default&#8221; global_colors_info=&#8221;{}&#8221;][et_pb_code raw_content_tablet=&#8221;<iframe title=%22Seven-rent-a-car office in Sarajevo%22 src=%22https:\/\/www.google.com\/maps\/embed?pb=!1m18!1m12!1m3!1d2794.2927977489016!2d18.334095263807484!3d43.84335166142995!2m3!1f0!2f0!3f0!3m2!1i1024!2i768!4f13.1!3m3!1m2!1s0x4758c9fe12608bf5%3A0x1d0de5a72fb315c6!2sSeven%20rent-a-car%20Sarajevo!5e0!3m2!1sen!2sba!4v1698145844367!5m2!1sen!2sba%22 width=%221080%22 height=%22450%22 style=%22border:0;%22 allowfullscreen=%22%22 loading=%22lazy%22 referrerpolicy=%22no-referrer-when-downgrade%22><\/iframe>&#8221; raw_content_phone=&#8221;<iframe title=%22Seven-rent-a-car office in Sarajevo%22 src=%22https:\/\/www.google.com\/maps\/embed?pb=!1m18!1m12!1m3!1d2794.2927977489016!2d18.334095263807484!3d43.84335166142995!2m3!1f0!2f0!3f0!3m2!1i1024!2i768!4f13.1!3m3!1m2!1s0x4758c9fe12608bf5%3A0x1d0de5a72fb315c6!2sSeven%20rent-a-car%20Sarajevo!5e0!3m2!1sen!2sba!4v1698145844367!5m2!1sen!2sba%22 width=%221080%22 height=%22300%22 style=%22border:0;%22 allowfullscreen=%22%22 loading=%22lazy%22 referrerpolicy=%22no-referrer-when-downgrade%22><\/iframe>&#8221; raw_content_last_edited=&#8221;on|tablet&#8221; _builder_version=&#8221;4.24.0&#8221; _module_preset=&#8221;default&#8221; module_alignment=&#8221;center&#8221; custom_margin=&#8221;0px|10px|0px|10px|true|true&#8221; custom_padding=&#8221;0px|0px|0px|0px|true|true&#8221; hover_enabled=&#8221;0&#8221; global_colors_info=&#8221;{}&#8221; sticky_enabled=&#8221;0&#8221;]<iframe title=\"Seven-rent-a-car Ured u Sarajevo\" src=\"https:\/\/www.google.com\/maps\/embed?pb=!1m18!1m12!1m3!1d2794.2927977489016!2d18.334095263807484!3d43.84335166142995!2m3!1f0!2f0!3f0!3m2!1i1024!2i768!4f13.1!3m3!1m2!1s0x4758c9fe12608bf5%3A0x1d0de5a72fb315c6!2sSeven%20rent-a-car%20Sarajevo!5e0!3m2!1sen!2sba!4v1698145844367!5m2!1sen!2sba\" width=\"1080\" height=\"450\" style=\"border:0;\" allowfullscreen=\"\" loading=\"lazy\" referrerpolicy=\"no-referrer-when-downgrade\"><\/iframe>[\/et_pb_code][\/et_pb_column][\/et_pb_row][\/et_pb_section]<\/p>\n","protected":false},"excerpt":{"rendered":"<p>Na\u0161e lokacije u SarajevuSeven-rent-a-car lokacije za preuzimanje i vra\u0107anje automobila Seven-rent-a-car nudi nekoliko lokacija za preuzimanje i vra\u0107anje automobila \u0161irom Sarajeva. Ove lokacije su povoljno smje\u0161tene u popularnim hotelima. Odaberite va\u0161u najbli\u017eu lokaciju iz na\u0161ih opcija ispod.<\/p>\n","protected":false},"author":241129048,"featured_media":7611,"parent":0,"menu_order":0,"comment_status":"closed","ping_status":"closed","template":"","meta":{"_et_pb_use_builder":"on","_et_pb_old_content":"<p>[et_pb_section fb_built=\"1\" custom_padding_last_edited=\"on|desktop\" admin_label=\"Hero\" _builder_version=\"4.22.2\" background_color=\"#000000\" use_background_color_gradient=\"on\" background_color_gradient_direction=\"118deg\" background_color_gradient_stops=\"#062b3d 0%|rgba(43,78,136,0.67) 100%\" background_color_gradient_overlays_image=\"on\" background_color_gradient_start=\"#063661\" background_color_gradient_end=\"rgba(43,78,136,0.67)\" background_image=\"https:\/\/sevenrentacar.com\/wp-content\/uploads\/2023\/10\/Car-Rental-Image-31.jpg\" custom_margin=\"-60px||||false|false\" custom_margin_tablet=\"-60px||||false|false\" custom_margin_phone=\"-60px||||false|false\" custom_margin_last_edited=\"on|desktop\" custom_padding=\"0px|0px|120px|0px|false|false\" custom_padding_tablet=\"0px|0px|120px|0px|false|false\" custom_padding_phone=\"0px|0px|120px|0px|false|false\" bottom_divider_style=\"slant2\" bottom_divider_color=\"#db8900\" bottom_divider_flip=\"vertical\" bottom_divider_height_phone=\"90px\" global_colors_info=\"{}\"][et_pb_row custom_padding_last_edited=\"on|phone\" _builder_version=\"4.22.2\" _module_preset=\"default\" width=\"100%\" module_alignment=\"center\" min_height=\"360px\" height=\"360px\" custom_margin=\"0px|0px||0px|false|false\" custom_padding=\"50px|0px|0px|0px|false|false\" custom_padding_tablet=\"50px|30px||30px|false|true\" custom_padding_phone=\"50px||||false|true\" global_colors_info=\"{}\"][et_pb_column type=\"4_4\" _builder_version=\"4.22.2\" _module_preset=\"default\" global_colors_info=\"{}\"][et_pb_text _builder_version=\"4.22.2\" text_font=\"||||||||\" header_font=\"Josefin Sans|700|||||||\" header_font_size=\"60px\" header_line_height=\"1.4em\" header_2_font=\"||||||||\" text_orientation=\"center\" background_layout=\"dark\" max_width=\"1134px\" module_alignment=\"left\" custom_margin=\"|229px||||\" header_font_size_tablet=\"50px\" header_font_size_phone=\"34px\" header_font_size_last_edited=\"on|phone\" locked=\"off\" global_colors_info=\"{}\"]<\/p><h1><span style=\"font-weight: 400;\">Seven Rent A Car Invites you to Visit Bosnia and Herzegovina!<\/span><\/h1><p>Explore the finest destinations in Bosnia, such as Sarajevo, Travnik, Jajce, Banja Luka, Tuzla, and beyond through our Blog! Keep in mind, the ultimate way to experience Bosnia and Herzegovina at your own pace is by renting a car.<\/p><p>[\/et_pb_text][et_pb_text _builder_version=\"4.22.2\" _module_preset=\"default\" text_font=\"|700|||||||\" text_text_color=\"#FFFFFF\" text_font_size=\"25px\" background_color=\"#DB8900\" text_orientation=\"center\" background_layout=\"dark\" width=\"300px\" module_alignment=\"center\" height=\"70px\" custom_padding=\"23px||23px||true|false\" border_radii=\"on|50px|50px|50px|50px\" global_colors_info=\"{}\"]<\/p><p>Reserve a Car Today!<\/p><p>[\/et_pb_text][\/et_pb_column][\/et_pb_row][\/et_pb_section][et_pb_section fb_built=\"1\" admin_label=\"Blog\" _builder_version=\"4.22.2\" background_color=\"#f7f9fc\" bottom_divider_style=\"arrow3\" bottom_divider_color=\"#DB8900\" bottom_divider_height=\"164px\" bottom_divider_arrangement=\"above_content\" global_colors_info=\"{}\"][et_pb_row _builder_version=\"4.16\" global_colors_info=\"{}\"][et_pb_column type=\"4_4\" _builder_version=\"4.16\" custom_padding=\"|||\" global_colors_info=\"{}\" custom_padding__hover=\"|||\"][et_pb_blog fullwidth=\"off\" posts_number=\"6\" include_categories=\"1360\" show_more=\"on\" show_author=\"off\" show_date=\"off\" _builder_version=\"4.22.2\" header_level=\"h4\" header_font=\"Muli|700|||||||\" header_font_size=\"14px\" header_line_height=\"2em\" body_font_size=\"12px\" body_line_height=\"2em\" meta_font=\"|600|||||||\" meta_text_color=\"#062B3D\" meta_font_size=\"12px\" pagination_font=\"|600|||||||\" pagination_text_color=\"rgba(48,57,78,0.95)\" pagination_font_size=\"24px\" hover_enabled=\"0\" border_width_all=\"0px\" border_radii_image=\"on|20px|20px|20px|20px\" box_shadow_style=\"preset2\" box_shadow_color=\"rgba(96,104,121,0.12)\" global_colors_info=\"{}\" border_radii=\"on|20px|20px|20px|20px\" sticky_enabled=\"0\"][\/et_pb_blog][\/et_pb_column][\/et_pb_row][\/et_pb_section][et_pb_section fb_built=\"1\" specialty=\"on\" admin_label=\"Footer\" _builder_version=\"4.16\" use_background_color_gradient=\"on\" background_color_gradient_stops=\"#ffffff 0%|#f1f6ff 100%\" background_color_gradient_start=\"#ffffff\" background_color_gradient_end=\"#f1f6ff\" global_colors_info=\"{}\"][et_pb_column type=\"1_2\" _builder_version=\"4.16\" custom_padding=\"|||\" global_colors_info=\"{}\" custom_padding__hover=\"|||\"][et_pb_text _builder_version=\"4.16\" header_font=\"Cormorant Garamond||||||||\" header_font_size=\"50px\" header_line_height=\"1.4em\" header_2_font=\"Cormorant Garamond|600|||||||\" header_2_font_size=\"40px\" header_2_line_height=\"1.4em\" header_font_size_tablet=\"40px\" header_font_size_phone=\"30px\" header_font_size_last_edited=\"on|desktop\" header_2_font_size_tablet=\"40px\" header_2_font_size_phone=\"30px\" header_2_font_size_last_edited=\"on|desktop\" locked=\"off\" global_colors_info=\"{}\"]<\/p><h2>Get In Touch!<\/h2><p>[\/et_pb_text][et_pb_text _builder_version=\"4.16\" text_font=\"||||||||\" text_line_height=\"2em\" locked=\"off\" global_colors_info=\"{}\"]Sed porttitor lectus nibh. Vivamus magna justo, lacinia eget consectetur sed, convallis at tellus. Quisque velit nisi, pretium ut lacinia in, elementum id enim. Pellentesque in ipsum id orci porta dapibus.[\/et_pb_text][et_pb_blurb title=\"Visit Our Shop\" use_icon=\"on\" font_icon=\"\ue081||divi||400\" icon_color=\"#ffffff\" image_icon_background_color=\"#41547d\" icon_placement=\"left\" image_icon_width=\"16px\" content_max_width=\"1100px\" _builder_version=\"4.16\" header_font=\"Muli|700|||||||\" header_font_size=\"14px\" header_line_height=\"1.6em\" body_font_size=\"12px\" body_line_height=\"2em\" image_icon_custom_padding=\"8px|8px|8px|8px|false|false\" border_radii_image=\"on|100%|100%|100%|100%\" use_circle=\"on\" circle_color=\"#41547d\" global_colors_info=\"{}\" image_icon_background_color__sticky_enabled=\"#062b3d\" image_icon_background_color__sticky=\"#062b3d\"]1234 Divi St. San Francisco, CA 19351[\/et_pb_blurb][et_pb_blurb title=\"Call Us\" use_icon=\"on\" font_icon=\"\ue090||divi||400\" icon_color=\"#ffffff\" image_icon_background_color=\"#41547d\" icon_placement=\"left\" image_icon_width=\"16px\" content_max_width=\"1100px\" _builder_version=\"4.16\" header_font=\"Muli|700|||||||\" header_font_size=\"14px\" header_line_height=\"1.6em\" body_font_size=\"12px\" body_line_height=\"2em\" image_icon_custom_padding=\"8px|8px|8px|8px|false|false\" border_radii_image=\"on|100%|100%|100%|100%\" use_circle=\"on\" circle_color=\"#41547d\" global_colors_info=\"{}\" image_icon_background_color__sticky_enabled=\"#062b3d\" image_icon_background_color__sticky=\"#062b3d\"](235) 235-1351[\/et_pb_blurb][et_pb_blurb title=\"Email Us\" use_icon=\"on\" font_icon=\"\ue076||divi||400\" icon_color=\"#ffffff\" image_icon_background_color=\"#41547d\" icon_placement=\"left\" image_icon_width=\"16px\" content_max_width=\"1100px\" _builder_version=\"4.16\" header_font=\"Muli|700|||||||\" header_font_size=\"14px\" header_line_height=\"1.6em\" body_font_size=\"12px\" body_line_height=\"2em\" image_icon_custom_padding=\"8px|8px|8px|8px|false|false\" border_radii_image=\"on|100%|100%|100%|100%\" use_circle=\"on\" circle_color=\"#41547d\" global_colors_info=\"{}\" image_icon_background_color__sticky_enabled=\"#062b3d\" image_icon_background_color__sticky=\"#062b3d\"]info@divisuits.com[\/et_pb_blurb][\/et_pb_column][et_pb_column type=\"1_2\" specialty_columns=\"2\" _builder_version=\"4.16\" custom_padding=\"|||\" global_colors_info=\"{}\" custom_padding__hover=\"|||\"][et_pb_row_inner _builder_version=\"4.16\" background_color=\"#ffffff\" custom_padding=\"60px|0px|60px|0px|true|false\" animation_style=\"flip\" box_shadow_style=\"preset1\" box_shadow_vertical=\"100px\" box_shadow_blur=\"180px\" box_shadow_color=\"rgba(96,104,121,0.12)\" global_colors_info=\"{}\"][et_pb_column_inner saved_specialty_column_type=\"1_2\" _builder_version=\"4.16\" custom_padding=\"|||\" global_colors_info=\"{}\" custom_padding__hover=\"|||\"][et_pb_contact_form captcha=\"off\" module_id=\"et_pb_contact_form_0\" _builder_version=\"4.16\" form_field_background_color=\"#f5f9ff\" form_field_font=\"Muli||||||||\" custom_button=\"on\" button_text_size=\"12px\" button_text_color=\"#ffffff\" button_bg_color=\"#41547d\" button_border_width=\"10px\" button_border_color=\"rgba(0,0,0,0)\" button_border_radius=\"0px\" button_letter_spacing=\"2px\" button_font=\"Muli|800||on|||||\" custom_padding=\"|40px||40px||true\" form_background_color=\"#f5f9ff\" global_colors_info=\"{}\"][et_pb_contact_field field_id=\"Name\" field_title=\"Name\" fullwidth_field=\"on\" _builder_version=\"4.16\" custom_margin=\"||20px\" global_colors_info=\"{}\" button_text_size__hover_enabled=\"off\" button_one_text_size__hover_enabled=\"off\" button_two_text_size__hover_enabled=\"off\" button_text_color__hover_enabled=\"off\" button_one_text_color__hover_enabled=\"off\" button_two_text_color__hover_enabled=\"off\" button_border_width__hover_enabled=\"off\" button_one_border_width__hover_enabled=\"off\" button_two_border_width__hover_enabled=\"off\" button_border_color__hover_enabled=\"off\" button_one_border_color__hover_enabled=\"off\" button_two_border_color__hover_enabled=\"off\" button_border_radius__hover_enabled=\"off\" button_one_border_radius__hover_enabled=\"off\" button_two_border_radius__hover_enabled=\"off\" button_letter_spacing__hover_enabled=\"off\" button_one_letter_spacing__hover_enabled=\"off\" button_two_letter_spacing__hover_enabled=\"off\" button_bg_color__hover_enabled=\"off\" button_one_bg_color__hover_enabled=\"off\" button_two_bg_color__hover_enabled=\"off\"][\/et_pb_contact_field][et_pb_contact_field field_id=\"Email\" field_title=\"Email Address\" field_type=\"email\" fullwidth_field=\"on\" _builder_version=\"4.16\" custom_margin=\"||20px\" global_colors_info=\"{}\" button_text_size__hover_enabled=\"off\" button_one_text_size__hover_enabled=\"off\" button_two_text_size__hover_enabled=\"off\" button_text_color__hover_enabled=\"off\" button_one_text_color__hover_enabled=\"off\" button_two_text_color__hover_enabled=\"off\" button_border_width__hover_enabled=\"off\" button_one_border_width__hover_enabled=\"off\" button_two_border_width__hover_enabled=\"off\" button_border_color__hover_enabled=\"off\" button_one_border_color__hover_enabled=\"off\" button_two_border_color__hover_enabled=\"off\" button_border_radius__hover_enabled=\"off\" button_one_border_radius__hover_enabled=\"off\" button_two_border_radius__hover_enabled=\"off\" button_letter_spacing__hover_enabled=\"off\" button_one_letter_spacing__hover_enabled=\"off\" button_two_letter_spacing__hover_enabled=\"off\" button_bg_color__hover_enabled=\"off\" button_one_bg_color__hover_enabled=\"off\" button_two_bg_color__hover_enabled=\"off\"][\/et_pb_contact_field][et_pb_contact_field field_id=\"Phone\" field_title=\"Phone Number\" field_type=\"email\" fullwidth_field=\"on\" _builder_version=\"4.16\" custom_margin=\"||20px\" global_colors_info=\"{}\" button_text_size__hover_enabled=\"off\" button_one_text_size__hover_enabled=\"off\" button_two_text_size__hover_enabled=\"off\" button_text_color__hover_enabled=\"off\" button_one_text_color__hover_enabled=\"off\" button_two_text_color__hover_enabled=\"off\" button_border_width__hover_enabled=\"off\" button_one_border_width__hover_enabled=\"off\" button_two_border_width__hover_enabled=\"off\" button_border_color__hover_enabled=\"off\" button_one_border_color__hover_enabled=\"off\" button_two_border_color__hover_enabled=\"off\" button_border_radius__hover_enabled=\"off\" button_one_border_radius__hover_enabled=\"off\" button_two_border_radius__hover_enabled=\"off\" button_letter_spacing__hover_enabled=\"off\" button_one_letter_spacing__hover_enabled=\"off\" button_two_letter_spacing__hover_enabled=\"off\" button_bg_color__hover_enabled=\"off\" button_one_bg_color__hover_enabled=\"off\" button_two_bg_color__hover_enabled=\"off\"][\/et_pb_contact_field][et_pb_contact_field field_id=\"Message\" field_title=\"Message\" field_type=\"text\" fullwidth_field=\"on\" _builder_version=\"4.16\" custom_margin=\"||30px\" global_colors_info=\"{}\" button_text_size__hover_enabled=\"off\" button_one_text_size__hover_enabled=\"off\" button_two_text_size__hover_enabled=\"off\" button_text_color__hover_enabled=\"off\" button_one_text_color__hover_enabled=\"off\" button_two_text_color__hover_enabled=\"off\" button_border_width__hover_enabled=\"off\" button_one_border_width__hover_enabled=\"off\" button_two_border_width__hover_enabled=\"off\" button_border_color__hover_enabled=\"off\" button_one_border_color__hover_enabled=\"off\" button_two_border_color__hover_enabled=\"off\" button_border_radius__hover_enabled=\"off\" button_one_border_radius__hover_enabled=\"off\" button_two_border_radius__hover_enabled=\"off\" button_letter_spacing__hover_enabled=\"off\" button_one_letter_spacing__hover_enabled=\"off\" button_two_letter_spacing__hover_enabled=\"off\" button_bg_color__hover_enabled=\"off\" button_one_bg_color__hover_enabled=\"off\" button_two_bg_color__hover_enabled=\"off\"][\/et_pb_contact_field][\/et_pb_contact_form][\/et_pb_column_inner][\/et_pb_row_inner][et_pb_row_inner _builder_version=\"4.16\" global_colors_info=\"{}\"][et_pb_column_inner saved_specialty_column_type=\"1_2\" _builder_version=\"4.16\" custom_padding=\"|||\" global_colors_info=\"{}\" custom_padding__hover=\"|||\"][et_pb_social_media_follow _builder_version=\"4.16\" text_orientation=\"center\" border_radii=\"on|0px|0px|0px|0px\" global_colors_info=\"{}\"][et_pb_social_media_follow_network social_network=\"instagram\" _builder_version=\"4.16\" background_color=\"#dfab82\" custom_margin=\"|6px||6px||true\" custom_padding=\"8px|8px|8px|8px|true|true\" global_colors_info=\"{}\" follow_button=\"off\" url_new_window=\"on\"]instagram[\/et_pb_social_media_follow_network][et_pb_social_media_follow_network social_network=\"facebook\" _builder_version=\"4.16\" background_color=\"#dfab82\" custom_margin=\"|6px||6px||true\" custom_padding=\"8px|8px|8px|8px|true|true\" global_colors_info=\"{}\" follow_button=\"off\" url_new_window=\"on\"]facebook[\/et_pb_social_media_follow_network][et_pb_social_media_follow_network social_network=\"twitter\" _builder_version=\"4.16\" background_color=\"#dfab82\" custom_margin=\"|6px||6px||true\" custom_padding=\"8px|8px|8px|8px|true|true\" global_colors_info=\"{}\" follow_button=\"off\" url_new_window=\"on\"]twitter[\/et_pb_social_media_follow_network][\/et_pb_social_media_follow][\/et_pb_column_inner][\/et_pb_row_inner][\/et_pb_column][\/et_pb_section]<\/p>","_et_gb_content_width":"","_crdt_document":"","footnotes":""},"class_list":["post-8810","page","type-page","status-publish","has-post-thumbnail","hentry"],"jetpack_likes_enabled":false,"jetpack_sharing_enabled":false,"jetpack_shortlink":"https:\/\/wp.me\/Pfcf7H-2i6","jetpack-related-posts":[],"_links":{"self":[{"href":"https:\/\/sevenrentacar.com\/bs\/wp-json\/wp\/v2\/pages\/8810","targetHints":{"allow":["GET"]}}],"collection":[{"href":"https:\/\/sevenrentacar.com\/bs\/wp-json\/wp\/v2\/pages"}],"about":[{"href":"https:\/\/sevenrentacar.com\/bs\/wp-json\/wp\/v2\/types\/page"}],"author":[{"embeddable":true,"href":"https:\/\/sevenrentacar.com\/bs\/wp-json\/wp\/v2\/users\/241129048"}],"replies":[{"embeddable":true,"href":"https:\/\/sevenrentacar.com\/bs\/wp-json\/wp\/v2\/comments?post=8810"}],"version-history":[{"count":8,"href":"https:\/\/sevenrentacar.com\/bs\/wp-json\/wp\/v2\/pages\/8810\/revisions"}],"predecessor-version":[{"id":9611,"href":"https:\/\/sevenrentacar.com\/bs\/wp-json\/wp\/v2\/pages\/8810\/revisions\/9611"}],"wp:featuredmedia":[{"embeddable":true,"href":"https:\/\/sevenrentacar.com\/bs\/wp-json\/wp\/v2\/media\/7611"}],"wp:attachment":[{"href":"https:\/\/sevenrentacar.com\/bs\/wp-json\/wp\/v2\/media?parent=8810"}],"curies":[{"name":"wp","href":"https:\/\/api.w.org\/{rel}","templated":true}]}}