{"id":8916,"date":"2024-05-12T08:19:01","date_gmt":"2024-05-12T15:19:01","guid":{"rendered":"https:\/\/sevenrentacar.com\/product\/volkswagen-polo-ili-nesto-slicno\/"},"modified":"2025-06-11T03:33:55","modified_gmt":"2025-06-11T10:33:55","slug":"volkswagen-polo-ili-nesto-slicno","status":"publish","type":"product","link":"https:\/\/sevenrentacar.com\/bs\/product\/volkswagen-polo-manual\/","title":{"rendered":"Volkswagen Polo ili ne\u0161to sli\u010dno"},"content":{"rendered":"<p>[et_pb_section fb_built=&#8221;1&#8221; theme_builder_area=&#8221;post_content&#8221; _builder_version=&#8221;4.27.4&#8221; _module_preset=&#8221;default&#8221;][\/et_pb_section]<\/p>\n","protected":false},"excerpt":{"rendered":"<p>Iskusite urbano kretanje u njegovom najboljem izdanju s na\u0161im najmom Volkswagen Polom. Ovaj kompaktni, ali prostrani mali automobil kombinuje moderni dizajn s impresivnom performansom, \u010dine\u0107i ga savr\u0161enim izborom za istra\u017eivanje grada i \u0161ire. S naprednim sigurnosnim zna\u010dajkama i intuitivnom tehnologijom, Polo osigurava udobnu i sigurnu vo\u017enju za svako putovanje.<\/p>\n","protected":false},"featured_media":7507,"template":"","meta":{"_et_pb_use_builder":"on","_et_pb_old_content":"","_et_gb_content_width":"","_crdt_document":"","jetpack_post_was_ever_published":false,"jetpack_publicize_message":"","jetpack_publicize_feature_enabled":true,"jetpack_social_post_already_shared":true,"jetpack_social_options":{"image_generator_settings":{"template":"highway","default_image_id":0,"font":"","enabled":false},"version":2},"_wpas_customize_per_network":false},"product_brand":[],"product_cat":[1551],"product_tag":[],"class_list":{"0":"post-8916","1":"product","2":"type-product","3":"status-publish","4":"has-post-thumbnail","6":"product_cat-mala-klasa","8":"first","9":"instock","10":"taxable","11":"shipping-taxable","12":"purchasable","13":"product-type-ovabrw_car_rental"},"jetpack_publicize_connections":[],"jetpack_likes_enabled":false,"jetpack_sharing_enabled":true,"jetpack-related-posts":[],"_links":{"self":[{"href":"https:\/\/sevenrentacar.com\/bs\/wp-json\/wp\/v2\/product\/8916","targetHints":{"allow":["GET"]}}],"collection":[{"href":"https:\/\/sevenrentacar.com\/bs\/wp-json\/wp\/v2\/product"}],"about":[{"href":"https:\/\/sevenrentacar.com\/bs\/wp-json\/wp\/v2\/types\/product"}],"wp:featuredmedia":[{"embeddable":true,"href":"https:\/\/sevenrentacar.com\/bs\/wp-json\/wp\/v2\/media\/7507"}],"wp:attachment":[{"href":"https:\/\/sevenrentacar.com\/bs\/wp-json\/wp\/v2\/media?parent=8916"}],"wp:term":[{"taxonomy":"product_brand","embeddable":true,"href":"https:\/\/sevenrentacar.com\/bs\/wp-json\/wp\/v2\/product_brand?post=8916"},{"taxonomy":"product_cat","embeddable":true,"href":"https:\/\/sevenrentacar.com\/bs\/wp-json\/wp\/v2\/product_cat?post=8916"},{"taxonomy":"product_tag","embeddable":true,"href":"https:\/\/sevenrentacar.com\/bs\/wp-json\/wp\/v2\/product_tag?post=8916"}],"curies":[{"name":"wp","href":"https:\/\/api.w.org\/{rel}","templated":true}]}}