{"id":8960,"date":"2024-05-12T09:28:53","date_gmt":"2024-05-12T16:28:53","guid":{"rendered":"https:\/\/sevenrentacar.com\/?post_type=product&#038;p=8960"},"modified":"2025-06-10T05:37:54","modified_gmt":"2025-06-10T12:37:54","slug":"skoda-rapid-ili-nesto-slicno","status":"publish","type":"product","link":"https:\/\/sevenrentacar.com\/bs\/product\/skoda-rapid\/","title":{"rendered":"\u0160koda Rapid ili ne\u0161to sli\u010dno"},"content":{"rendered":"<p>[et_pb_section fb_built=&#8221;1&#8221; theme_builder_area=&#8221;post_content&#8221; _builder_version=&#8221;4.27.4&#8221; _module_preset=&#8221;default&#8221;][\/et_pb_section]<\/p>\n","protected":false},"excerpt":{"rendered":"<p>Otkrijte savr\u0161enu kombinaciju stila i prakti\u010dnosti s na\u0161im najmom \u0160kode Rapida. Ova kompaktna limuzina nudi dovoljno prostora za putnike i prtljagu dok zadr\u017eava elegantan i moderan dizajn. S efikasnim motorom i intuitivnim funkcijama, Rapid je idealan za vo\u017enju po gradu i du\u017eim putovanjima, osiguravaju\u0107i udobnu i ugodnu vo\u017enju za sve.<\/p>\n","protected":false},"featured_media":7521,"template":"","meta":{"_et_pb_use_builder":"on","_et_pb_old_content":"","_et_gb_content_width":"","_crdt_document":"","jetpack_post_was_ever_published":false,"jetpack_publicize_message":"","jetpack_publicize_feature_enabled":true,"jetpack_social_post_already_shared":true,"jetpack_social_options":{"image_generator_settings":{"template":"highway","default_image_id":0,"font":"","enabled":false},"version":2},"_wpas_customize_per_network":false},"product_brand":[],"product_cat":[1548],"product_tag":[],"class_list":{"0":"post-8960","1":"product","2":"type-product","3":"status-publish","4":"has-post-thumbnail","6":"product_cat-srednja-klasa","8":"first","9":"instock","10":"taxable","11":"shipping-taxable","12":"purchasable","13":"product-type-ovabrw_car_rental"},"jetpack_publicize_connections":[],"jetpack_likes_enabled":false,"jetpack_sharing_enabled":false,"jetpack-related-posts":[],"_links":{"self":[{"href":"https:\/\/sevenrentacar.com\/bs\/wp-json\/wp\/v2\/product\/8960","targetHints":{"allow":["GET"]}}],"collection":[{"href":"https:\/\/sevenrentacar.com\/bs\/wp-json\/wp\/v2\/product"}],"about":[{"href":"https:\/\/sevenrentacar.com\/bs\/wp-json\/wp\/v2\/types\/product"}],"wp:featuredmedia":[{"embeddable":true,"href":"https:\/\/sevenrentacar.com\/bs\/wp-json\/wp\/v2\/media\/7521"}],"wp:attachment":[{"href":"https:\/\/sevenrentacar.com\/bs\/wp-json\/wp\/v2\/media?parent=8960"}],"wp:term":[{"taxonomy":"product_brand","embeddable":true,"href":"https:\/\/sevenrentacar.com\/bs\/wp-json\/wp\/v2\/product_brand?post=8960"},{"taxonomy":"product_cat","embeddable":true,"href":"https:\/\/sevenrentacar.com\/bs\/wp-json\/wp\/v2\/product_cat?post=8960"},{"taxonomy":"product_tag","embeddable":true,"href":"https:\/\/sevenrentacar.com\/bs\/wp-json\/wp\/v2\/product_tag?post=8960"}],"curies":[{"name":"wp","href":"https:\/\/api.w.org\/{rel}","templated":true}]}}