{"id":8966,"date":"2024-05-12T09:41:56","date_gmt":"2024-05-12T16:41:56","guid":{"rendered":"https:\/\/sevenrentacar.com\/?post_type=product&#038;p=8966"},"modified":"2025-06-10T05:31:45","modified_gmt":"2025-06-10T12:31:45","slug":"seat-leon-ili-nesto-slicno","status":"publish","type":"product","link":"https:\/\/sevenrentacar.com\/bs\/product\/seat-leon\/","title":{"rendered":"Seat Leon ili ne\u0161to sli\u010dno"},"content":{"rendered":"<p>[et_pb_section fb_built=&#8221;1&#8221; theme_builder_area=&#8221;post_content&#8221; _builder_version=&#8221;4.27.4&#8221; _module_preset=&#8221;default&#8221;][\/et_pb_section]<\/p>\n","protected":false},"excerpt":{"rendered":"<p>Iskusite voza\u010dku izvrsnost s na\u0161im najmom Seat Leona. Ovaj svestrani automobil kombinuje sportski dizajn s naprednom tehnologijom, nude\u0107i dinami\u010dnu i udobnu vo\u017enju. Bez obzira vozite li gradom ili krenuli na putovanje, Leon pru\u017ea performanse, stil i pouzdanost za nezaboravno putovanje.<\/p>\n","protected":false},"featured_media":7523,"template":"","meta":{"_et_pb_use_builder":"on","_et_pb_old_content":"","_et_gb_content_width":"","_crdt_document":"","jetpack_publicize_message":"","jetpack_publicize_feature_enabled":true,"jetpack_social_post_already_shared":true,"jetpack_social_options":{"image_generator_settings":{"template":"highway","default_image_id":0,"font":"","enabled":false},"version":2},"_wpas_customize_per_network":false},"product_brand":[],"product_cat":[1548],"product_tag":[],"class_list":{"0":"post-8966","1":"product","2":"type-product","3":"status-publish","4":"has-post-thumbnail","6":"product_cat-srednja-klasa","8":"first","9":"instock","10":"taxable","11":"shipping-taxable","12":"purchasable","13":"product-type-ovabrw_car_rental"},"jetpack_publicize_connections":[],"jetpack_likes_enabled":false,"jetpack_sharing_enabled":false,"jetpack-related-posts":[],"_links":{"self":[{"href":"https:\/\/sevenrentacar.com\/bs\/wp-json\/wp\/v2\/product\/8966","targetHints":{"allow":["GET"]}}],"collection":[{"href":"https:\/\/sevenrentacar.com\/bs\/wp-json\/wp\/v2\/product"}],"about":[{"href":"https:\/\/sevenrentacar.com\/bs\/wp-json\/wp\/v2\/types\/product"}],"wp:featuredmedia":[{"embeddable":true,"href":"https:\/\/sevenrentacar.com\/bs\/wp-json\/wp\/v2\/media\/7523"}],"wp:attachment":[{"href":"https:\/\/sevenrentacar.com\/bs\/wp-json\/wp\/v2\/media?parent=8966"}],"wp:term":[{"taxonomy":"product_brand","embeddable":true,"href":"https:\/\/sevenrentacar.com\/bs\/wp-json\/wp\/v2\/product_brand?post=8966"},{"taxonomy":"product_cat","embeddable":true,"href":"https:\/\/sevenrentacar.com\/bs\/wp-json\/wp\/v2\/product_cat?post=8966"},{"taxonomy":"product_tag","embeddable":true,"href":"https:\/\/sevenrentacar.com\/bs\/wp-json\/wp\/v2\/product_tag?post=8966"}],"curies":[{"name":"wp","href":"https:\/\/api.w.org\/{rel}","templated":true}]}}